{"id":45,"date":"2017-08-31T09:51:38","date_gmt":"2017-08-31T07:51:38","guid":{"rendered":"https:\/\/fpmsa.com\/?page_id=45"},"modified":"2026-04-03T14:01:10","modified_gmt":"2026-04-03T12:01:10","slug":"osd","status":"publish","type":"page","link":"https:\/\/fpmsa.com\/en\/osd\/","title":{"rendered":"OSD"},"content":{"rendered":"\t\t<div data-elementor-type=\"wp-page\" data-elementor-id=\"45\" class=\"elementor elementor-45\">\n\t\t\t\t\t\t<section class=\"elementor-section elementor-top-section elementor-element elementor-element-344c940c elementor-section-boxed elementor-section-height-default elementor-section-height-default\" data-id=\"344c940c\" data-element_type=\"section\" data-e-type=\"section\">\n\t\t\t\t\t\t<div class=\"elementor-container elementor-column-gap-default\">\n\t\t\t\t\t<div class=\"elementor-column elementor-col-100 elementor-top-column elementor-element elementor-element-2edf26a9\" data-id=\"2edf26a9\" data-element_type=\"column\" data-e-type=\"column\">\n\t\t\t<div class=\"elementor-widget-wrap elementor-element-populated\">\n\t\t\t\t\t\t<div class=\"elementor-element elementor-element-341da92c elementor-widget elementor-widget-text-editor\" data-id=\"341da92c\" data-element_type=\"widget\" data-e-type=\"widget\" data-widget_type=\"text-editor.default\">\n\t\t\t\t<div class=\"elementor-widget-container\">\n\t\t\t\t\t\t\t\t\t<p><\/p><h3><b>Informacje o programach pomocowych oraz pozosta\u0142e:<\/b><\/h3><p>&#8211; Informacja o warunkach sprzeda\u017cy rezerwowej &#8211; <a href=\"https:\/\/fpmsa.com\/wp-content\/uploads\/2025\/07\/Informacja_o_warunkach_sprzedazy_rezerwowej_od_1_lipca_2025_roku.pdf\">otw\u00f3rz<\/a><\/p><p>&#8211; Informacja o sprzedawcy z urz\u0119du &#8211; <a href=\"https:\/\/fpmsa.com\/wp-content\/uploads\/2022\/03\/informacja_o_sprzedawcy_z_urzedu.pdf\">otw\u00f3rz<\/a><\/p><p>&#8211; Informacja o sprzedawcy zobowi\u0105zanym &#8211; <a href=\"https:\/\/fpmsa.com\/wp-content\/uploads\/2025\/10\/Informacja_o_sprzedawcy_zobowiazanym.pdf\">otw\u00f3rz<\/a><\/p><p>&#8211; Informacje o ograniczeniach i planowanych przerwach &#8211;\u00a0<a style=\"font-family: var( --e-global-typography-text-font-family ), Sans-serif; font-weight: var( --e-global-typography-text-font-weight ); background-color: #070f1d;\" href=\"https:\/\/fpmsa.com\/wp-content\/uploads\/2024\/04\/Informacja_o_ograniczeniach_i_planowanych_przerwach.pdf\" target=\"_blank\" rel=\"noopener\">otw\u00f3rz<\/a><\/p><p>&#8211; Informacja o mocach przy\u0142\u0105czeniowych dla \u017ar\u00f3de\u0142 w sieci dystrybucyjnej &#8211;\u00a0<span style=\"font-family: var( --e-global-typography-text-font-family ), Sans-serif;\"><span style=\"font-weight: var( --e-global-typography-text-font-weight ); background-color: #070f1d;\"><a href=\"https:\/\/fpmsa.com\/wp-content\/uploads\/2026\/04\/Informacja_o_mocach_przylaczeniowych_dla_zrodel_w_sieci_dystrybucyjnej_za_I_kwartal_2026_r.pdf\">otw\u00f3rz<\/a><\/span><\/span><\/p><p>&#8211; Informacja o podmiotach ubiegaj\u0105cych si\u0119 o przy\u0142\u0105czenie \u017ar\u00f3de\u0142 do sieci energetycznej &#8211;\u00a0<a href=\"https:\/\/fpmsa.com\/wp-content\/uploads\/2026\/04\/Info._o_podm._ubiegajacych_sie_o_przylaczenie_zrodel_do_sieci_elektroenerget._o__nap._znam._wyzszym_niz_1_kV.pdf\">otw\u00f3rz<\/a><\/p><p>&#8211; Informacja o stawkach op\u0142at obowi\u0105zuj\u0105cych od 1 stycznia 2026 r. &#8211; <a href=\"https:\/\/fpmsa.com\/wp-content\/uploads\/2026\/02\/Informacja_o_stawkach_oplat_obowiazujacych_od_1_stycznia_2026_r.pdf\">otw\u00f3rz<\/a><\/p><p>&#8211; Procedura dotycz\u0105ca zmiany sprzedawcy &#8211; <a href=\"https:\/\/fpmsa.com\/wp-content\/uploads\/2017\/11\/proces_zmiany_sprzedawcy.pdf\" target=\"_blank\" rel=\"noopener noreferrer\">otw\u00f3rz<\/a><\/p><p>&#8211; Pouczenie o sprzeda\u017cy rezerwowej<\/p><p>&#8211; Lista Sprzedawc\u00f3w Energii Elektrycznej &#8211;\u00a0<a style=\"font-family: var( --e-global-typography-text-font-family ), Sans-serif; font-weight: var( --e-global-typography-text-font-weight ); background-color: #070f1d;\" href=\"https:\/\/fpmsa.com\/wp-content\/uploads\/2025\/11\/Lista_Sprzedawcow_Energii_Elektrycznej_na_Terenie_FPM_SA.pdf\" target=\"_blank\" rel=\"noopener\">otw\u00f3rz<\/a><\/p><p>&#8211; Lista Sprzedawc\u00f3w Rezerwowych &#8211;\u00a0<a style=\"font-family: var( --e-global-typography-text-font-family ), Sans-serif; font-weight: var( --e-global-typography-text-font-weight ); background-color: #070f1d;\" href=\"https:\/\/fpmsa.com\/wp-content\/uploads\/2024\/04\/Lista_Sprzedawcow_Rezerwowych.pdf\" target=\"_blank\" rel=\"noopener\">otw\u00f3rz<\/a><\/p><p>&#8211; Lista Sprzedawc\u00f3w z Urz\u0119du- <span style=\"font-family: var( --e-global-typography-text-font-family ), Sans-serif;\"><span style=\"font-weight: var( --e-global-typography-text-font-weight ); background-color: #070f1d;\"><a href=\"https:\/\/fpmsa.com\/wp-content\/uploads\/2024\/04\/Lista_Sprzedawcow_z_urzedu-1.pdf\">otw\u00f3rz<\/a><\/span><\/span><\/p><p>&#8211; Instrukcja ruchu i eksploatacji sieci dystrybucyjnej &#8211;\u00a0<a style=\"transition-property: all;\" href=\"https:\/\/fpmsa.com\/wp-content\/uploads\/2025\/06\/IRiESD.pdf\">otw\u00f3rz<\/a><\/p><p>&#8211; IRiESD po CSIRE &#8211; <a href=\"https:\/\/fpmsa.com\/wp-content\/uploads\/2026\/01\/IRiESD_2025_FPM_po_CSIRE.pdf\">otw\u00f3rz<\/a><\/p><p>&#8211; IRiESD przed CSIRE &#8211; <a href=\"https:\/\/fpmsa.com\/wp-content\/uploads\/2026\/01\/IRiESD_2025_FPM_przed_CSIRE.pdf\">otw\u00f3rz<\/a><\/p><p>&#8211; Raport OSD z konsultacji dotycz\u0105cych nowej IRiESD &#8211;\u00a0<a style=\"transition-property: all;\" href=\"https:\/\/fpmsa.com\/wp-content\/uploads\/2026\/01\/Raport_OSD_z_konsultacji_nowej_IRiESD1.pdf\">otw\u00f3rz<\/a><\/p><p>&#8211; Wska\u017aniki czasu trwania przerw w dostarczaniu energii elektrycznej w 2025 r. &#8211; <a href=\"https:\/\/fpmsa.com\/wp-content\/uploads\/2026\/04\/Wskazniki_czasu_trwania_przerw_w_dostarczaniu_energii_elektrycznej_w_2025_r.pdf\">otw\u00f3rz<\/a><\/p><p>&#8211; \u015arednie zu\u017cycie energii elektrycznej dla danej grupy przy\u0142\u0105czeniowej w 2025 r. &#8211; <a href=\"https:\/\/fpmsa.com\/wp-content\/uploads\/2026\/04\/Srednie_zuzycie_energii_elektrycznej_dla_danej_grupy_przylaczeniowej_w_2025_r.pdf\">otw\u00f3rz<\/a><\/p><p>&#8211; Struktura paliw i innych no\u015bnik\u00f3w energii pierwotnej zu\u017cytych do wytwarzania energii elektrycznej sprzedanej w 2025 r. &#8211; <span style=\"font-family: var( --e-global-typography-text-font-family ), Sans-serif;\"><span style=\"font-weight: var( --e-global-typography-text-font-weight ); background-color: #070f1d;\"><a href=\"https:\/\/fpmsa.com\/wp-content\/uploads\/2026\/04\/Struktura_Paliw_za_2025_r.pdf\">otw\u00f3rz<\/a><\/span><\/span><\/p><p>&#8211; Decyzja Prezesa URE z dnia 23.04.2021 r. &#8211;\u00a0<a style=\"font-family: var( --e-global-typography-text-font-family ), Sans-serif; font-weight: var( --e-global-typography-text-font-weight ); background-color: #070f1d;\" href=\"https:\/\/fpmsa.com\/wp-content\/uploads\/2024\/04\/Decyzja_o_statusie_OSD_dla_FPM_SA.pdf\" target=\"_blank\" rel=\"noopener\">otw\u00f3rz<\/a><\/p><p>&#8211; Za\u0142\u0105cznik nr 2 do Rozporz\u0105dzenia Ministra Klimatu z dnia 16 listopada 2020 r. &#8211; <a href=\"https:\/\/fpmsa.com\/wp-content\/uploads\/2021\/04\/Zal.2_do_Rozp.MK_z_dn.16.11.2020.pdf\">otw\u00f3rz<\/a><\/p><p>&#8211; Za\u0142\u0105cznik nr 3 do Rozporz\u0105dzenia Ministra Klimatu z dnia 16 listopada 2020 r. &#8211; <a href=\"https:\/\/fpmsa.com\/wp-content\/uploads\/2021\/04\/Zal.3_do_Rozp.MK_z_dn.16.11.2020.pdf\">otw\u00f3rz<\/a><\/p><p>&#8211; Zmiana Taryfy Dystrybucji Energii Elektrycznej FPM SA od 04.2023 r. &#8211; <a href=\"https:\/\/fpmsa.com\/wp-content\/uploads\/2023\/05\/Zmiana_Taryfy_Dystrybucji_Energii_Elektrycznej_FPM_SA_od_04.2023_r..pdf\">otw\u00f3rz<\/a><\/p><p>&#8211; Efektywno\u015b\u0107 energetyczna URE &#8211; <a href=\"https:\/\/www.ure.gov.pl\/pl\/efektywnosc-kogenerac\/efektywnosc-energetyczn\">otw\u00f3rz<\/a><\/p><p>&#8211; Efektywno\u015b\u0107 energetyczna &#8211; <a href=\"https:\/\/www.gov.pl\/web\/klimat\/efektywnosc-energetyczna\">otw\u00f3rz<\/a><\/p><p>&#8211; Rozporz\u0105dzenia. &#8211; <a href=\"https:\/\/www.ure.gov.pl\/pl\/urzad\/prawo\/rozporzadzenia\">otw\u00f3rz<\/a><\/p><p>&#8211; Raport OSD z Konsultacji IRiESD &#8211; <a href=\"https:\/\/fpmsa.com\/wp-content\/uploads\/2025\/09\/Raport-OSD-z-Konsultacji-IRiESD.pdf\">otw\u00f3rz<\/a><\/p><p><!--<\/p>\n<p style=\"text-align: center;\"><span style=\"color: #ff0000;\">________________________________________<\/span><\/p>\n<p>&nbsp;<\/p>\n<h3>W<b>nioski:<\/b><\/h3>\n<div><b>\u00a0<\/b><\/div>\n<p>--><\/p><div style=\"text-align: center;\"><span style=\"color: #ff0000;\">________________________________________<\/span><\/div><div>\u00a0<\/div><h3>IRiESD Konsultacje:<\/h3><p>-Formularz zg\u0142oszeniowy uwag do projektu nowej Instrukcji Ruchu i Eksploatacji Sieci Dystrybucyjnej &#8211; <a href=\"https:\/\/fpmsa.com\/wp-content\/uploads\/2025\/10\/FPM_formularz_zglaszania_uwag_nowej_IRiESD_2025.pdf\">otw\u00f3rz<\/a><\/p><p>-Komunikat w sprawie procesu konsultacji projektu nowej IRiESD &#8211; <a href=\"https:\/\/fpmsa.com\/wp-content\/uploads\/2025\/10\/FPM_Komunikat_o_rozpoczeciu_konsultacji_nowej_IRiESD_2025.pdf\">otw\u00f3rz<\/a><\/p><p>&#8211; Dokument wyja\u015bniaj\u0105cy do Karty aktualizacji nr 1\/2025 Instrukcji Ruchu i Eksploatacji Sieci Dystrybucyjnej &#8211; <a style=\"background-color: #070f1d;\" href=\"https:\/\/fpmsa.com\/wp-content\/uploads\/2025\/10\/Dokument_wyjasniajacy.pdf\">otw\u00f3rz<\/a><\/p><p>&#8211; Projekt Instrukcja Ruchu i Eksploatacji sieci dystrybucyjnej przed CSIRE &#8211; <a href=\"https:\/\/fpmsa.com\/wp-content\/uploads\/2025\/10\/Projekt_IRiESD_2025_FPM_przed_CSIRE.pdf\">otw\u00f3rz<\/a><\/p><p>&#8211; Projekt Instrukcja Ruchu i Eksploatacji sieci dystrybucyjnej po CSIRE &#8211; <a href=\"https:\/\/fpmsa.com\/wp-content\/uploads\/2025\/10\/Projekt_IRiESD_2025_FPM_po_CSIRE.pdf\">otw\u00f3rz<\/a><\/p><div style=\"text-align: center;\"><span style=\"color: #ff0000;\">________________________________________<\/span><\/div><h3><b>Taryfy:<\/b><\/h3><p>&#8211; Taryfa Dystrybucji Energii Elektrycznej 2025r. &#8211; <a href=\"https:\/\/fpmsa.com\/wp-content\/uploads\/2025\/10\/Taryfa_Dystrybucji_Energii_Elektrycznej_2025_r.pdf\">otw\u00f3rz<\/a><\/p><div><span style=\"color: var( --e-global-color-text ); font-family: var( --e-global-typography-text-font-family ), Sans-serif; font-weight: var( --e-global-typography-text-font-weight );\">&#8211; Taryfa Dystrybucji Energii Elektrycznej 2024 r. &#8211; <\/span><a style=\"font-family: var( --e-global-typography-text-font-family ), Sans-serif; font-weight: var( --e-global-typography-text-font-weight ); background-color: #070f1d;\" href=\"https:\/\/fpmsa.com\/wp-content\/uploads\/2024\/11\/Taryfa_dystrybucyjna_energii_elektrycznej_FPM_SA.pdf\">otw\u00f3rz<\/a><b>\u00a0<\/b><br \/><b>&#8211; Taryfa dla energii elektrycznej FPM S.A. 2023 r. &#8211; <a href=\"https:\/\/fpmsa.com\/wp-content\/uploads\/2023\/08\/Taryfa_dla_energii_elektrycznej._na_2023_rok.pdf\">otw\u00f3rz<\/a><\/b><\/div><div>\u00a0<\/div><p><!-- - Taryfa Sprzeda\u017cy Energii Elektrycznej i sprzeda\u017cy rezerwowej 2022r -\u00a0\u00a0<a style=\"background-color: #070f1d;\" href=\"https:\/\/fpmsa.com\/wp-content\/uploads\/2022\/03\/taryfa_dla_energii_elektrycznej_2022.pdf\">otw\u00f3rz<\/a> --><\/p><p style=\"text-align: center;\"><span style=\"color: #ff0000;\">________________________________________<\/span><\/p><h3><b>Wzory um\u00f3w:<\/b><\/h3><p>&#8211; Wz\u00f3r umowy o \u015bwiadczenie us\u0142ug dystrybucji &#8211;\u00a0<a href=\"https:\/\/fpmsa.com\/wp-content\/uploads\/2023\/08\/Umowa_o_Swiadczenie_Uslug_Dystrybucji_Energii_Elektrycznej.pdf\">otw\u00f3rz<\/a><\/p><p>&#8211; Za\u0142\u0105cznik 1 do\u00a0<span style=\"color: var( --e-global-color-text ); font-family: var( --e-global-typography-text-font-family ), Sans-serif; font-weight: var( --e-global-typography-text-font-weight );\">umowy o \u015bwiadczenie us\u0142ug dystrybucji &#8211; <a href=\"https:\/\/fpmsa.com\/wp-content\/uploads\/2023\/08\/Zal._nr_1.pdf\">otw\u00f3rz<\/a><\/span><\/p><p>&#8211; Za\u0142\u0105cznik 2 do\u00a0<span style=\"color: var( --e-global-color-text ); font-family: var( --e-global-typography-text-font-family ), Sans-serif; font-weight: var( --e-global-typography-text-font-weight );\">umowy o \u015bwiadczenie us\u0142ug dystrybucji &#8211; <a href=\"https:\/\/fpmsa.com\/wp-content\/uploads\/2023\/08\/Zal._nr_2.pdf\">otw\u00f3rz<\/a><\/span><span style=\"color: var( --e-global-color-text ); font-family: var( --e-global-typography-text-font-family ), Sans-serif; font-weight: var( --e-global-typography-text-font-weight );\"><br \/><\/span><\/p><p>&#8211; Za\u0142\u0105cznik 3 do\u00a0<span style=\"color: var( --e-global-color-text ); font-family: var( --e-global-typography-text-font-family ), Sans-serif; font-weight: var( --e-global-typography-text-font-weight );\">umowy o \u015bwiadczenie us\u0142ug dystrybucji &#8211; <a href=\"https:\/\/fpmsa.com\/wp-content\/uploads\/2023\/08\/Zal._nr_3.pdf\">otw\u00f3rz<\/a><\/span><span style=\"color: var( --e-global-color-text ); font-family: var( --e-global-typography-text-font-family ), Sans-serif; font-weight: var( --e-global-typography-text-font-weight );\"><br \/><\/span><\/p><p>&#8211; Za\u0142\u0105cznik 4 do\u00a0<span style=\"color: var( --e-global-color-text ); font-family: var( --e-global-typography-text-font-family ), Sans-serif; font-weight: var( --e-global-typography-text-font-weight );\">umowy o \u015bwiadczenie us\u0142ug dystrybucji &#8211; <a href=\"https:\/\/fpmsa.com\/wp-content\/uploads\/2023\/08\/Zal._nr_4.pdf\">otw\u00f3rz<\/a><\/span><\/p><p>&#8211; Wz\u00f3r\u00a0Generalnej Umowy Dystrybucji &#8211; <a href=\"https:\/\/fpmsa.com\/wp-content\/uploads\/2023\/10\/Umowa_GUD_wzor.pdf\">otw\u00f3rz<\/a><\/p><div><span style=\"color: var( --e-global-color-text ); font-family: var( --e-global-typography-text-font-family ), Sans-serif; font-weight: var( --e-global-typography-text-font-weight );\"><!--?-- - Wz\u00f3r umowy sprzeda\u017cy rezerwowej ----><\/span><b>\u00a0<\/b><b><br \/><\/b><\/div><div>&#8211; Wz\u00f3r generalnej umowy dystrybucji dla us\u0142ugi kompleksowej &#8211; <a href=\"https:\/\/fpmsa.com\/wp-content\/uploads\/2024\/04\/Wzor_umowy_GUD-K_FPM.pdf\">otw\u00f3rz<\/a><\/div><div>&#8211; Za\u0142\u0105cznik 1 do Generalnej Umowy Dystrybucji dla Us\u0142ugi Kompleksowej- <a href=\"https:\/\/fpmsa.com\/wp-content\/uploads\/2024\/04\/Zalacznik_nr_1_-_Dane_adresowe_i_osoby_upowaznione.pdf\">otw\u00f3rz<\/a><\/div><div>&#8211; Za\u0142\u0105cznik 2 do Generalnej Umowy Dystrybucji dla Us\u0142ugi Kompleksowej &#8211; <a href=\"https:\/\/fpmsa.com\/wp-content\/uploads\/2024\/04\/Zalacznik_nr_2_-_WUD_I_WUD-P.pdf\">otw\u00f3rz<\/a><\/div><div>&#8211; Za\u0142\u0105cznik 3 do Generalnej Umowy Dystrybucji dla Us\u0142ugi Kompleksowej &#8211; <a href=\"https:\/\/fpmsa.com\/wp-content\/uploads\/2024\/04\/Zalacznik_nr_3_-_Zasady_i_procedury_ustanawiania_uzupelniania_lub_odnawiania_zabezpieczen_nalezytego_wykonania_umowy.pdf\">otw\u00f3rz<\/a><\/div><div>&#8211; Za\u0142\u0105cznik 4 do Generalnej Umowy Dystrybucji dla Us\u0142ugi Kompleksowej &#8211; <a href=\"https:\/\/fpmsa.com\/wp-content\/uploads\/2024\/04\/Zalacznik_nr_4_-_Zasady_sprzedazy_rezerwowej.pdf\">otw\u00f3rz<\/a><\/div><div>&#8211; Za\u0142\u0105cznik 5 do Generalnej Umowy Dystrybucji dla Us\u0142ugi Kompleksowej &#8211; <a href=\"https:\/\/fpmsa.com\/wp-content\/uploads\/2024\/04\/Zalacznik_nr_5_-_Kody_identyfikacyjne_oznaczenie_POB_oraz_wzor_formularza_zmiany_POB.pdf\">otw\u00f3rz<\/a><\/div><div>&#8211; Za\u0142\u0105cznik 6 do Generalnej Umowy Dystrybucji dla Us\u0142ugi Kompleksowej &#8211; <a href=\"https:\/\/fpmsa.com\/wp-content\/uploads\/2024\/04\/Zalacznik_nr_6_-_Zasady_swiadczenia_uslugi_kompleksowej_przez_sprzedawce_z_urzedu.pdf\">otw\u00f3rz<\/a><\/div><div>\u00a0<\/div><div>\u00a0&#8211; Umowa dystrybucyjna FPM SA uwzgl\u0119dniaj\u0105ca postanowienia dot. prosumenta &#8211; <a href=\"https:\/\/fpmsa.com\/wp-content\/uploads\/2024\/08\/Umowa_dystrybucyjna_FPM_SA_uwzgledniajaca_postanowienia_dot_prosumenta.pdf\">otw\u00f3rz<\/a><\/div><div>\u00a0&#8211;\u00a0Umowa kompleksowa sprzeda\u017cy rezerwowej energii elektrycznej &#8211;\u00a0<a style=\"font-family: var( --e-global-typography-text-font-family ), Sans-serif; font-weight: var( --e-global-typography-text-font-weight ); background-color: #070f1d;\" href=\"https:\/\/fpmsa.com\/wp-content\/uploads\/2024\/08\/Umowa_kompleksowa_sprzedazy_rezerwowej_FPM_SA.pdf\" target=\"_blank\" rel=\"noopener\">otw\u00f3rz<\/a><\/div><div>\u00a0&#8211;\u00a0Umowa o \u015bwiadczenie us\u0142ug dystrybucji energii elektrycznej wytworzonej w mikroinstalacji &#8211;\u00a0<a style=\"font-family: var( --e-global-typography-text-font-family ), Sans-serif; font-weight: var( --e-global-typography-text-font-weight ); background-color: #070f1d;\" href=\"https:\/\/fpmsa.com\/wp-content\/uploads\/2024\/08\/Umowa_dystrybucji_energii_elektrycznej_Wytworca_Prosument.pdf\" target=\"_blank\" rel=\"noopener\">otw\u00f3rz<\/a><\/div><div>\u00a0&#8211; Umowa sprzeda\u017cy rezerwowej energii elektrycznej &#8211;\u00a0<a style=\"font-family: var( --e-global-typography-text-font-family ), Sans-serif; font-weight: var( --e-global-typography-text-font-weight ); background-color: #070f1d;\" href=\"https:\/\/fpmsa.com\/wp-content\/uploads\/2024\/08\/Umowa_sprzedazy_rezerwowej_FPM_SA.pdf\" target=\"_blank\" rel=\"noopener\">otw\u00f3rz<\/a><\/div><div>\u00a0&#8211;\u00a0Umowa sprzeda\u017cy energii elektrycznej i \u015bwiadczenia us\u0142ug dystrybucji &#8211;\u00a0<a style=\"font-family: var( --e-global-typography-text-font-family ), Sans-serif; font-weight: var( --e-global-typography-text-font-weight ); background-color: #070f1d;\" href=\"https:\/\/fpmsa.com\/wp-content\/uploads\/2024\/08\/Umowa_kompleskowa_FPM_SA.pdf\" target=\"_blank\" rel=\"noopener\">otw\u00f3rz<\/a><\/div><p style=\"text-align: center;\"><span style=\"color: #ff0000;\">________________________________________<\/span><\/p><h3><b>Pozosta\u0142e dokumenty:<\/b><\/h3><p>&#8211; O\u015bwiadczenie sk\u0142adane przez odbiorc\u00f3w uprawnionych &#8211;\u00a0<a href=\"https:\/\/fpmsa.com\/wp-content\/uploads\/2022\/11\/Oswiadczenie_skladane_przez_odbiorcow_uprawnionych.pdf\">otw\u00f3rz<\/a><\/p><p><span style=\"color: var( --e-global-color-text ); font-family: var( --e-global-typography-text-font-family ), Sans-serif; font-weight: var( --e-global-typography-text-font-weight );\">&#8211; Klauzula informacyjna RODO &#8211;<\/span><span style=\"color: var( --e-global-color-text ); font-family: var( --e-global-typography-text-font-family ), Sans-serif; font-weight: var( --e-global-typography-text-font-weight );\">\u00a0<\/span><a style=\"background-color: #070f1d; font-family: var( --e-global-typography-text-font-family ), Sans-serif; font-weight: var( --e-global-typography-text-font-weight );\" href=\"https:\/\/fpmsa.com\/wp-content\/uploads\/2023\/09\/klauzula_informacyjna_PE.pdf\">otw\u00f3rz<\/a><\/p><p><span style=\"color: var( --e-global-color-text ); font-family: var( --e-global-typography-text-font-family ), Sans-serif; font-weight: var( --e-global-typography-text-font-weight );\">&#8211; Aktualny rejestr magazyn\u00f3w energii elektrycznej przy\u0142\u0105czonych do sieci FPM SA &#8211;<\/span><span style=\"color: var( --e-global-color-text ); font-family: var( --e-global-typography-text-font-family ), Sans-serif; font-weight: var( --e-global-typography-text-font-weight );\">\u00a0<\/span><a style=\"background-color: #070f1d; font-family: var( --e-global-typography-text-font-family ), Sans-serif; font-weight: var( --e-global-typography-text-font-weight );\" href=\"https:\/\/fpmsa.com\/wp-content\/uploads\/2023\/10\/Rejestr_magazynow_energii.xlsx\">otw\u00f3rz<\/a><\/p><p><span style=\"color: var( --e-global-color-text ); font-family: var( --e-global-typography-text-font-family ), Sans-serif; font-weight: var( --e-global-typography-text-font-weight );\">&#8211; Zbi\u00f3r Praw Konsumenta Energii Elektrycznej &#8211;<\/span><span style=\"color: var( --e-global-color-text ); font-family: var( --e-global-typography-text-font-family ), Sans-serif; font-weight: var( --e-global-typography-text-font-weight );\">\u00a0<\/span><a style=\"font-family: var( --e-global-typography-text-font-family ), Sans-serif; font-weight: var( --e-global-typography-text-font-weight ); background-color: #070f1d;\" href=\"https:\/\/fpmsa.com\/wp-content\/uploads\/2024\/04\/Zbior_Praw_Konsumenta_Energii_Elektrycznej.pdf\" target=\"_blank\" rel=\"noopener\">otw\u00f3rz<\/a><\/p><p>&#8211; Wniosek o okre\u015blenie Warunk\u00f3w Przy\u0142\u0105czenia do sieci niskiego napi\u0119cia &#8211;\u00a0<span style=\"font-family: var( --e-global-typography-text-font-family ), Sans-serif;\"><span style=\"font-weight: var( --e-global-typography-text-font-weight ); background-color: #070f1d;\"><a href=\"https:\/\/fpmsa.com\/wp-content\/uploads\/2024\/05\/Wniosek_o_okreslenie_Warunkow_Przylaczenia_do_sieci.pdf\">otw\u00f3rz<\/a><\/span><\/span><\/p><p style=\"text-align: center;\"><span style=\"color: #ff0000;\">________________________________________<\/span><\/p><h3><b>Kodeksy sieciowe:<\/b><\/h3><p><span style=\"color: var( --e-global-color-text ); font-family: var( --e-global-typography-text-font-family ), Sans-serif; font-weight: var( --e-global-typography-text-font-weight );\">&#8211; Kodeksy sieciowe &#8211;<\/span><span style=\"color: var( --e-global-color-text ); font-family: var( --e-global-typography-text-font-family ), Sans-serif; font-weight: var( --e-global-typography-text-font-weight );\">\u00a0<\/span><a style=\"font-family: var( --e-global-typography-text-font-family ), Sans-serif; font-weight: var( --e-global-typography-text-font-weight ); background-color: #070f1d;\" href=\"https:\/\/www.tauron-dystrybucja.pl\/uslugi-dystrybucyjne\/kodeksy-sieciowe\" target=\"_blank\" rel=\"noopener\">otw\u00f3rz<\/a><\/p><p style=\"text-align: center;\"><span style=\"color: #ff0000;\">________________________________________<\/span><\/p><h3><b>Archiwum OSD:<\/b><\/h3><p><span style=\"color: var( --e-global-color-text ); font-family: var( --e-global-typography-text-font-family ), Sans-serif; font-weight: var( --e-global-typography-text-font-weight );\">&#8211; Archiwum &#8211;<\/span><span style=\"color: var( --e-global-color-text ); font-family: var( --e-global-typography-text-font-family ), Sans-serif; font-weight: var( --e-global-typography-text-font-weight );\">\u00a0<\/span><a style=\"font-family: var( --e-global-typography-text-font-family ), Sans-serif; font-weight: var( --e-global-typography-text-font-weight ); background-color: #070f1d;\" href=\"https:\/\/fpmsa.com\/archiwum-osd\/\" target=\"_blank\" rel=\"noopener\">otw\u00f3rz<\/a><\/p>\t\t\t\t\t\t\t\t<\/div>\n\t\t\t\t<\/div>\n\t\t\t\t\t<\/div>\n\t\t<\/div>\n\t\t\t\t\t<\/div>\n\t\t<\/section>\n\t\t\t\t<\/div>\n\t\t","protected":false},"excerpt":{"rendered":"<p>Sorry, this entry is only available in Polski.<\/p>\n","protected":false},"author":2,"featured_media":0,"parent":0,"menu_order":0,"comment_status":"closed","ping_status":"closed","template":"","meta":{"_acf_changed":false,"footnotes":""},"class_list":["post-45","page","type-page","status-publish","hentry"],"acf":[],"_links":{"self":[{"href":"https:\/\/fpmsa.com\/en\/wp-json\/wp\/v2\/pages\/45","targetHints":{"allow":["GET"]}}],"collection":[{"href":"https:\/\/fpmsa.com\/en\/wp-json\/wp\/v2\/pages"}],"about":[{"href":"https:\/\/fpmsa.com\/en\/wp-json\/wp\/v2\/types\/page"}],"author":[{"embeddable":true,"href":"https:\/\/fpmsa.com\/en\/wp-json\/wp\/v2\/users\/2"}],"replies":[{"embeddable":true,"href":"https:\/\/fpmsa.com\/en\/wp-json\/wp\/v2\/comments?post=45"}],"version-history":[{"count":367,"href":"https:\/\/fpmsa.com\/en\/wp-json\/wp\/v2\/pages\/45\/revisions"}],"predecessor-version":[{"id":18969,"href":"https:\/\/fpmsa.com\/en\/wp-json\/wp\/v2\/pages\/45\/revisions\/18969"}],"wp:attachment":[{"href":"https:\/\/fpmsa.com\/en\/wp-json\/wp\/v2\/media?parent=45"}],"curies":[{"name":"wp","href":"https:\/\/api.w.org\/{rel}","templated":true}]}}