{"id":18511,"date":"2024-05-06T14:31:16","date_gmt":"2024-05-06T12:31:16","guid":{"rendered":"https:\/\/fpmsa.com\/?page_id=18511"},"modified":"2025-09-17T12:44:21","modified_gmt":"2025-09-17T10:44:21","slug":"badanie","status":"publish","type":"page","link":"https:\/\/fpmsa.com\/en\/badanie\/","title":{"rendered":"Badanie zaanga\u017cowania"},"content":{"rendered":"\t\t<div data-elementor-type=\"wp-page\" data-elementor-id=\"18511\" class=\"elementor elementor-18511\">\n\t\t\t\t\t\t<section class=\"elementor-section elementor-top-section elementor-element elementor-element-a8ca8b6 elementor-section-boxed elementor-section-height-default elementor-section-height-default\" data-id=\"a8ca8b6\" data-element_type=\"section\" data-e-type=\"section\">\n\t\t\t\t\t\t<div class=\"elementor-container elementor-column-gap-default\">\n\t\t\t\t\t<div class=\"elementor-column elementor-col-100 elementor-top-column elementor-element elementor-element-9d8e8bb\" data-id=\"9d8e8bb\" data-element_type=\"column\" data-e-type=\"column\">\n\t\t\t<div class=\"elementor-widget-wrap elementor-element-populated\">\n\t\t\t\t\t\t<div class=\"elementor-element elementor-element-a4d9c68 elementor-widget elementor-widget-text-editor\" data-id=\"a4d9c68\" data-element_type=\"widget\" data-e-type=\"widget\" data-widget_type=\"text-editor.default\">\n\t\t\t\t<div class=\"elementor-widget-container\">\n\t\t\t\t\t\t\t\t\t<p>\u00a0<\/p><h3>Przygotowanie produkcji i malarnia<\/h3><h3>Link do szkolenia:<\/h3><p><div class=\"ppw-restricted-content ppw-pcp-container\" id=\"18511339\">\n\t<form method=\"post\" autocomplete=\"off\" action=\"https:\/\/fpmsa.com\/en\/badanie\/?action=postpass&#038;r=78\" target=\"_top\" class=\"post-password-form ppw-form ppw-pcp-password-form\" data-submit=\"18511\">\n\t\t<div class=\"ppw-headline ppw-pcp-pf-headline\"><\/div>\n\t\t<div class=\"ppw-description ppw-pcp-pf-desc\"><p>Wpisz has\u0142o aby odblokowa\u0107:<\/p><\/div>\n\t\t\n\t\t<p class=\"ppw-input\">\n\t\t\t<input type=\"hidden\" value=\"0\" name=\"area\" \/>\n\t\t\t<label class=\"ppw-pcp-password-label\">Has\u0142o: <input placeholder=\"\" type=\"password\" tabindex=\"1\" name=\"18511\" class=\"ppw-password-input ppw-pcp-pf-password-input\" autocomplete=\"new-password\">\n\t\t\t<\/label>\n\t\t\t<input class=\"ppw-page\" type=\"hidden\" value=\"1\" \/>\n\t\t\t\n\t\t\t\t\t\t<input name=\"submit\" type=\"submit\" data-loading=\"Loading...\" class=\"ppw-submit ppw-pcp-pf-submit-btn\" value=\"Enter\"\/>\n\t\t<\/p>\n\t\t\n\t\t<div class=\"ppw-pcp-pf-desc-below-form\"><\/div>\n\t\t\n\t\t<div class=\"ppw-error ppw-pcp-pf-error-msg\" style=\"color: #dc3232\">\n\t\t\t\n\t\t<\/div>\n\t<\/form>\n<\/div>\n<\/span><\/p><p><span style=\"color: var( --e-global-color-text ); font-family: var( --e-global-typography-text-font-family ), Sans-serif; font-weight: var( --e-global-typography-text-font-weight );\">\u00a0<\/span><\/p><h3>Dzia\u0142 \u015blusarsko-monta\u017cowy<\/h3><h3>Link do szkolenia:<\/h3><p><div class=\"ppw-restricted-content ppw-pcp-container\" id=\"18511385\">\n\t<form method=\"post\" autocomplete=\"off\" action=\"https:\/\/fpmsa.com\/en\/badanie\/?action=postpass&#038;r=71\" target=\"_top\" class=\"post-password-form ppw-form ppw-pcp-password-form\" data-submit=\"18511\">\n\t\t<div class=\"ppw-headline ppw-pcp-pf-headline\"><\/div>\n\t\t<div class=\"ppw-description ppw-pcp-pf-desc\"><p>Wpisz has\u0142o aby odblokowa\u0107:<\/p><\/div>\n\t\t\n\t\t<p class=\"ppw-input\">\n\t\t\t<input type=\"hidden\" value=\"0\" name=\"area\" \/>\n\t\t\t<label class=\"ppw-pcp-password-label\">Has\u0142o: <input placeholder=\"\" type=\"password\" tabindex=\"1\" name=\"18511\" class=\"ppw-password-input ppw-pcp-pf-password-input\" autocomplete=\"new-password\">\n\t\t\t<\/label>\n\t\t\t<input class=\"ppw-page\" type=\"hidden\" value=\"1\" \/>\n\t\t\t\n\t\t\t\t\t\t<input name=\"submit\" type=\"submit\" data-loading=\"Loading...\" class=\"ppw-submit ppw-pcp-pf-submit-btn\" value=\"Enter\"\/>\n\t\t<\/p>\n\t\t\n\t\t<div class=\"ppw-pcp-pf-desc-below-form\"><\/div>\n\t\t\n\t\t<div class=\"ppw-error ppw-pcp-pf-error-msg\" style=\"color: #dc3232\">\n\t\t\t\n\t\t<\/div>\n\t<\/form>\n<\/div>\n<\/span><\/p><p><span style=\"color: var( --e-global-color-text ); font-family: var( --e-global-typography-text-font-family ), Sans-serif; font-weight: var( --e-global-typography-text-font-weight );\">\u00a0<\/span><\/p><h3>Dzia\u0142 spawalniczy<\/h3><h3>Link do szkolenia:<\/h3><p><div class=\"ppw-restricted-content ppw-pcp-container\" id=\"18511657\">\n\t<form method=\"post\" autocomplete=\"off\" action=\"https:\/\/fpmsa.com\/en\/badanie\/?action=postpass&#038;r=90\" target=\"_top\" class=\"post-password-form ppw-form ppw-pcp-password-form\" data-submit=\"18511\">\n\t\t<div class=\"ppw-headline ppw-pcp-pf-headline\"><\/div>\n\t\t<div class=\"ppw-description ppw-pcp-pf-desc\"><p>Wpisz has\u0142o aby odblokowa\u0107:<\/p><\/div>\n\t\t\n\t\t<p class=\"ppw-input\">\n\t\t\t<input type=\"hidden\" value=\"0\" name=\"area\" \/>\n\t\t\t<label class=\"ppw-pcp-password-label\">Has\u0142o: <input placeholder=\"\" type=\"password\" tabindex=\"1\" name=\"18511\" class=\"ppw-password-input ppw-pcp-pf-password-input\" autocomplete=\"new-password\">\n\t\t\t<\/label>\n\t\t\t<input class=\"ppw-page\" type=\"hidden\" value=\"1\" \/>\n\t\t\t\n\t\t\t\t\t\t<input name=\"submit\" type=\"submit\" data-loading=\"Loading...\" class=\"ppw-submit ppw-pcp-pf-submit-btn\" value=\"Enter\"\/>\n\t\t<\/p>\n\t\t\n\t\t<div class=\"ppw-pcp-pf-desc-below-form\"><\/div>\n\t\t\n\t\t<div class=\"ppw-error ppw-pcp-pf-error-msg\" style=\"color: #dc3232\">\n\t\t\t\n\t\t<\/div>\n\t<\/form>\n<\/div>\n<\/span><\/p><p><span style=\"color: var( --e-global-color-text ); font-family: var( --e-global-typography-text-font-family ), Sans-serif; font-weight: var( --e-global-typography-text-font-weight );\">\u00a0<\/span><\/p><h3>Dzia\u0142 obr\u00f3bki mechanicznej<\/h3><h3>Link do szkolenia:<\/h3><p><div class=\"ppw-restricted-content ppw-pcp-container\" id=\"18511233\">\n\t<form method=\"post\" autocomplete=\"off\" action=\"https:\/\/fpmsa.com\/en\/badanie\/?action=postpass&#038;r=70\" target=\"_top\" class=\"post-password-form ppw-form ppw-pcp-password-form\" data-submit=\"18511\">\n\t\t<div class=\"ppw-headline ppw-pcp-pf-headline\"><\/div>\n\t\t<div class=\"ppw-description ppw-pcp-pf-desc\"><p>Wpisz has\u0142o aby odblokowa\u0107:<\/p><\/div>\n\t\t\n\t\t<p class=\"ppw-input\">\n\t\t\t<input type=\"hidden\" value=\"0\" name=\"area\" \/>\n\t\t\t<label class=\"ppw-pcp-password-label\">Has\u0142o: <input placeholder=\"\" type=\"password\" tabindex=\"1\" name=\"18511\" class=\"ppw-password-input ppw-pcp-pf-password-input\" autocomplete=\"new-password\">\n\t\t\t<\/label>\n\t\t\t<input class=\"ppw-page\" type=\"hidden\" value=\"1\" \/>\n\t\t\t\n\t\t\t\t\t\t<input name=\"submit\" type=\"submit\" data-loading=\"Loading...\" class=\"ppw-submit ppw-pcp-pf-submit-btn\" value=\"Enter\"\/>\n\t\t<\/p>\n\t\t\n\t\t<div class=\"ppw-pcp-pf-desc-below-form\"><\/div>\n\t\t\n\t\t<div class=\"ppw-error ppw-pcp-pf-error-msg\" style=\"color: #dc3232\">\n\t\t\t\n\t\t<\/div>\n\t<\/form>\n<\/div>\n<\/span><\/p><p><span style=\"color: var( --e-global-color-text ); font-family: var( --e-global-typography-text-font-family ), Sans-serif; font-weight: var( --e-global-typography-text-font-weight );\">\u00a0<\/span><\/p><h3>Utrzymanie ruchu<\/h3><h3>Link do szkolenia:<\/h3><p><div class=\"ppw-restricted-content ppw-pcp-container\" id=\"18511999\">\n\t<form method=\"post\" autocomplete=\"off\" action=\"https:\/\/fpmsa.com\/en\/badanie\/?action=postpass&#038;r=63\" target=\"_top\" class=\"post-password-form ppw-form ppw-pcp-password-form\" data-submit=\"18511\">\n\t\t<div class=\"ppw-headline ppw-pcp-pf-headline\"><\/div>\n\t\t<div class=\"ppw-description ppw-pcp-pf-desc\"><p>Wpisz has\u0142o aby odblokowa\u0107:<\/p><\/div>\n\t\t\n\t\t<p class=\"ppw-input\">\n\t\t\t<input type=\"hidden\" value=\"0\" name=\"area\" \/>\n\t\t\t<label class=\"ppw-pcp-password-label\">Has\u0142o: <input placeholder=\"\" type=\"password\" tabindex=\"1\" name=\"18511\" class=\"ppw-password-input ppw-pcp-pf-password-input\" autocomplete=\"new-password\">\n\t\t\t<\/label>\n\t\t\t<input class=\"ppw-page\" type=\"hidden\" value=\"1\" \/>\n\t\t\t\n\t\t\t\t\t\t<input name=\"submit\" type=\"submit\" data-loading=\"Loading...\" class=\"ppw-submit ppw-pcp-pf-submit-btn\" value=\"Enter\"\/>\n\t\t<\/p>\n\t\t\n\t\t<div class=\"ppw-pcp-pf-desc-below-form\"><\/div>\n\t\t\n\t\t<div class=\"ppw-error ppw-pcp-pf-error-msg\" style=\"color: #dc3232\">\n\t\t\t\n\t\t<\/div>\n\t<\/form>\n<\/div>\n<\/span><\/p><p><span style=\"color: var( --e-global-color-text ); font-family: var( --e-global-typography-text-font-family ), Sans-serif; font-weight: var( --e-global-typography-text-font-weight );\">\u00a0<\/span><\/p><p>\u00a0<\/p>\t\t\t\t\t\t\t\t<\/div>\n\t\t\t\t<\/div>\n\t\t\t\t\t<\/div>\n\t\t<\/div>\n\t\t\t\t\t<\/div>\n\t\t<\/section>\n\t\t\t\t<\/div>\n\t\t","protected":false},"excerpt":{"rendered":"<p>\u00a0 Przygotowanie produkcji i malarnia Link do szkolenia: \u00a0 Dzia\u0142 \u015blusarsko-monta\u017cowy Link do szkolenia: \u00a0 Dzia\u0142 spawalniczy Link do szkolenia: \u00a0 Dzia\u0142 obr\u00f3bki mechanicznej Link do szkolenia: \u00a0 Utrzymanie ruchu Link do szkolenia: \u00a0 \u00a0<\/p>\n","protected":false},"author":2,"featured_media":0,"parent":0,"menu_order":0,"comment_status":"closed","ping_status":"closed","template":"","meta":{"_acf_changed":false,"footnotes":""},"class_list":["post-18511","page","type-page","status-publish","hentry"],"acf":[],"_links":{"self":[{"href":"https:\/\/fpmsa.com\/en\/wp-json\/wp\/v2\/pages\/18511","targetHints":{"allow":["GET"]}}],"collection":[{"href":"https:\/\/fpmsa.com\/en\/wp-json\/wp\/v2\/pages"}],"about":[{"href":"https:\/\/fpmsa.com\/en\/wp-json\/wp\/v2\/types\/page"}],"author":[{"embeddable":true,"href":"https:\/\/fpmsa.com\/en\/wp-json\/wp\/v2\/users\/2"}],"replies":[{"embeddable":true,"href":"https:\/\/fpmsa.com\/en\/wp-json\/wp\/v2\/comments?post=18511"}],"version-history":[{"count":52,"href":"https:\/\/fpmsa.com\/en\/wp-json\/wp\/v2\/pages\/18511\/revisions"}],"predecessor-version":[{"id":18860,"href":"https:\/\/fpmsa.com\/en\/wp-json\/wp\/v2\/pages\/18511\/revisions\/18860"}],"wp:attachment":[{"href":"https:\/\/fpmsa.com\/en\/wp-json\/wp\/v2\/media?parent=18511"}],"curies":[{"name":"wp","href":"https:\/\/api.w.org\/{rel}","templated":true}]}}