{"id":17856,"date":"2021-03-30T13:22:17","date_gmt":"2021-03-30T11:22:17","guid":{"rendered":"https:\/\/fpmsa.com\/?page_id=17856"},"modified":"2023-08-16T08:08:43","modified_gmt":"2023-08-16T06:08:43","slug":"compliance","status":"publish","type":"page","link":"https:\/\/fpmsa.com\/en\/compliance\/","title":{"rendered":"Compliance"},"content":{"rendered":"\t\t<div data-elementor-type=\"wp-page\" data-elementor-id=\"17856\" class=\"elementor elementor-17856\">\n\t\t\t\t\t\t<section class=\"elementor-section elementor-top-section elementor-element elementor-element-7ac1867e elementor-section-boxed elementor-section-height-default elementor-section-height-default\" data-id=\"7ac1867e\" data-element_type=\"section\" data-e-type=\"section\">\n\t\t\t\t\t\t<div class=\"elementor-container elementor-column-gap-default\">\n\t\t\t\t\t<div class=\"elementor-column elementor-col-100 elementor-top-column elementor-element elementor-element-543b8c29\" data-id=\"543b8c29\" data-element_type=\"column\" data-e-type=\"column\">\n\t\t\t<div class=\"elementor-widget-wrap elementor-element-populated\">\n\t\t\t\t\t\t<div class=\"elementor-element elementor-element-5ebfd05d elementor-widget elementor-widget-text-editor\" data-id=\"5ebfd05d\" data-element_type=\"widget\" data-e-type=\"widget\" data-widget_type=\"text-editor.default\">\n\t\t\t\t<div class=\"elementor-widget-container\">\n\t\t\t\t\t\t\t\t\t<p><\/p>\n<h3 style=\"text-align: center;\"><br><\/h3>\n<h3>Kodeks Dzia\u0142a\u0144 Etycznych<\/h3>\n<h3 style=\"text-align: center;\">\n<ul style=\"color: rgb(122, 122, 122); font-family: Roboto, sans-serif; font-size: 16px; text-align: start;\">\n<li style=\"list-style-image: url(&quot;.\/assets\/images\/calque.png&quot;);\"><a href=\"https:\/\/fpmsa.com\/wp-content\/uploads\/2021\/10\/Kodeks_Etyczny_FPM.pdf\">Kodeks Etyczny FPM<\/a><\/li>\n<li style=\"list-style-image: url(&quot;.\/assets\/images\/calque.png&quot;);\"><a href=\"https:\/\/fpmsa.com\/wp-content\/uploads\/2021\/04\/Kodeks_etyczny_dla_dostawcow.pdf\">Kodeks etyczny dla dostawc\u00f3w<\/a><\/li>\n<li style=\"list-style-image: url(&quot;.\/assets\/images\/calque.png&quot;);\"><a href=\"https:\/\/fpmsa.com\/wp-content\/uploads\/2021\/04\/Kodeks_antykorupcyjny_FPM.pdf\">Kodeks antykorupcyjny FPM<\/a><\/li>\n<\/ul><div style=\"text-align: left;\"><font color=\"#7a7a7a\" face=\"Roboto, sans-serif\"><span style=\"font-size: 16px;\"><br><\/span><\/font><\/div>\n<p style=\"color: rgb(122, 122, 122); font-family: Roboto, sans-serif; font-size: 16px;\"><span style=\"font-family: var( --e-global-typography-text-font-family ), Sans-serif; font-size: 18px; font-weight: var( --e-global-typography-text-font-weight ); color: rgb(255, 0, 0);\">________________________________________<\/span><span style=\"font-size: 18px;\">&nbsp;<\/span><\/p><p style=\"color: rgb(122, 122, 122); font-family: Roboto, sans-serif; font-size: 16px;\"><span style=\"font-size: 18px;\"><br><\/span><\/p>\n<p style=\"color: rgb(122, 122, 122); font-family: Roboto, sans-serif; font-size: 16px; text-align: start;\">\n<\/p><\/h3>\n<h3>Compliance<\/h3>\n<h3 style=\"text-align: center;\">\n<ul style=\"color: rgb(122, 122, 122); font-family: Roboto, sans-serif; font-size: 16px; text-align: start;\">\n<li style=\"list-style-image: url(&quot;.\/assets\/images\/calque.png&quot;);\"><a href=\"https:\/\/fpmsa.com\/wp-content\/uploads\/2021\/10\/THE_ETHICAL_CODE.pdf\">The Ethical Code<\/a><\/li>\n<li style=\"list-style-image: url(&quot;.\/assets\/images\/calque.png&quot;);\"><a href=\"https:\/\/fpmsa.com\/wp-content\/uploads\/2021\/04\/Supplier_Code_of_Ethics.pdf\">Supplier Code of Ethics<\/a><\/li>\n<li style=\"list-style-image: url(&quot;.\/assets\/images\/calque.png&quot;);\"><a href=\"https:\/\/fpmsa.com\/wp-content\/uploads\/2021\/04\/Anti-corruption-code_FPM.pdf\">Anti-corruption code FPM<\/a><\/li>\n<\/ul><div style=\"text-align: left;\"><font color=\"#7a7a7a\" face=\"Roboto, sans-serif\"><span style=\"font-size: 16px;\"><br><\/span><\/font><\/div>\n<p style=\"color: rgb(122, 122, 122); font-family: Roboto, sans-serif; font-size: 16px;\"><span style=\"font-family: var( --e-global-typography-text-font-family ), Sans-serif; font-size: 18px; font-weight: var( --e-global-typography-text-font-weight ); color: rgb(255, 0, 0);\">________________________________________<\/span><span style=\"font-size: 18px;\">&nbsp;<\/span><\/p><p style=\"color: rgb(122, 122, 122); font-family: Roboto, sans-serif; font-size: 16px;\"><span style=\"font-size: 18px;\"><br><\/span><\/p>\n<\/h3>\n<p>&nbsp;<\/p>\t\t\t\t\t\t\t\t<\/div>\n\t\t\t\t<\/div>\n\t\t\t\t\t<\/div>\n\t\t<\/div>\n\t\t\t\t\t<\/div>\n\t\t<\/section>\n\t\t\t\t<\/div>\n\t\t","protected":false},"excerpt":{"rendered":"<p>Kodeks Dzia\u0142a\u0144 Etycznych Kodeks Etyczny FPM Kodeks etyczny dla dostawc\u00f3w Kodeks antykorupcyjny FPM ________________________________________&nbsp; Compliance The Ethical Code Supplier Code of Ethics Anti-corruption code FPM ________________________________________&nbsp; &nbsp;<\/p>\n","protected":false},"author":2,"featured_media":0,"parent":0,"menu_order":0,"comment_status":"closed","ping_status":"closed","template":"","meta":{"_acf_changed":false,"footnotes":""},"class_list":["post-17856","page","type-page","status-publish","hentry"],"acf":[],"_links":{"self":[{"href":"https:\/\/fpmsa.com\/en\/wp-json\/wp\/v2\/pages\/17856","targetHints":{"allow":["GET"]}}],"collection":[{"href":"https:\/\/fpmsa.com\/en\/wp-json\/wp\/v2\/pages"}],"about":[{"href":"https:\/\/fpmsa.com\/en\/wp-json\/wp\/v2\/types\/page"}],"author":[{"embeddable":true,"href":"https:\/\/fpmsa.com\/en\/wp-json\/wp\/v2\/users\/2"}],"replies":[{"embeddable":true,"href":"https:\/\/fpmsa.com\/en\/wp-json\/wp\/v2\/comments?post=17856"}],"version-history":[{"count":25,"href":"https:\/\/fpmsa.com\/en\/wp-json\/wp\/v2\/pages\/17856\/revisions"}],"predecessor-version":[{"id":18248,"href":"https:\/\/fpmsa.com\/en\/wp-json\/wp\/v2\/pages\/17856\/revisions\/18248"}],"wp:attachment":[{"href":"https:\/\/fpmsa.com\/en\/wp-json\/wp\/v2\/media?parent=17856"}],"curies":[{"name":"wp","href":"https:\/\/api.w.org\/{rel}","templated":true}]}}