{"id":471,"date":"2017-11-13T12:44:50","date_gmt":"2017-11-13T11:44:50","guid":{"rendered":"https:\/\/fpmsa.com\/?page_id=471"},"modified":"2023-08-16T08:18:04","modified_gmt":"2023-08-16T06:18:04","slug":"bhp","status":"publish","type":"page","link":"https:\/\/fpmsa.com\/de\/bhp\/","title":{"rendered":"AuA"},"content":{"rendered":"\t\t<div data-elementor-type=\"wp-page\" data-elementor-id=\"471\" class=\"elementor elementor-471\">\n\t\t\t\t\t\t<section class=\"elementor-section elementor-top-section elementor-element elementor-element-5360be5f elementor-section-boxed elementor-section-height-default elementor-section-height-default\" data-id=\"5360be5f\" data-element_type=\"section\" data-e-type=\"section\">\n\t\t\t\t\t\t<div class=\"elementor-container elementor-column-gap-default\">\n\t\t\t\t\t<div class=\"elementor-column elementor-col-100 elementor-top-column elementor-element elementor-element-2b80eb4a\" data-id=\"2b80eb4a\" data-element_type=\"column\" data-e-type=\"column\">\n\t\t\t<div class=\"elementor-widget-wrap elementor-element-populated\">\n\t\t\t\t\t\t<div class=\"elementor-element elementor-element-730ba048 elementor-widget elementor-widget-text-editor\" data-id=\"730ba048\" data-element_type=\"widget\" data-e-type=\"widget\" data-widget_type=\"text-editor.default\">\n\t\t\t\t<div class=\"elementor-widget-container\">\n\t\t\t\t\t\t\t\t\t<p>\u0423\u0432\u0430\u0436\u0430\u0435\u043c\u044b\u0435 \u043f\u043e\u0441\u0435\u0442\u0438\u0442\u0435\u043b\u0438<\/p><ol><li>\u041f\u0440\u0438 \u0432\u044a\u0435\u0437\u0434\u0435 \u043d\u0430 \u0442\u0435\u0440\u0440\u0438\u0442\u043e\u0440\u0438\u044e \u043f\u0440\u0435\u0434\u043f\u0440\u0438\u044f\u0442\u0438\u044f \u043d\u0430 \u043f\u0440\u043e\u0445\u043e\u0434\u043d\u043e\u0439 \u043d\u0435\u043e\u0431\u0445\u043e\u0434\u0438\u043c\u043e \u043f\u043e\u043b\u0443\u0447\u0438\u0442\u044c \u043f\u0440\u043e\u043f\u0443\u0441\u043a.<\/li><li>\u0421\u0432\u044f\u0437\u0430\u0442\u044c\u0441\u044f \u0441 \u0440\u0430\u0431\u043e\u0442\u043d\u0438\u043a\u043e\u043c, \u043e\u0442\u0432\u0435\u0442\u0441\u0442\u0432\u0435\u043d\u043d\u044b\u043c \u0437\u0430 \u0432\u0430\u0448\u0443 \u0431\u0435\u0437\u043e\u043f\u0430\u0441\u043d\u043e\u0441\u0442\u044c (\u043d\u0435 \u043e\u0442\u043d\u043e\u0441\u0438\u0442\u0441\u044f \u043a \u0432\u043e\u0434\u0438\u0442\u0435\u043b\u044f\u043c), \u043a\u043e\u0442\u043e\u0440\u044b\u0439 \u0431\u0443\u0434\u0435\u0442 \u0441\u043e\u043f\u0440\u043e\u0432\u043e\u0436\u0434\u0430\u0442\u044c \u0432\u0430\u0441 \u043d\u0430 \u043f\u0440\u0435\u0434\u043f\u0440\u0438\u044f\u0442\u0438\u0438.<\/li><li style=\"text-align: left;\">\u0412\u043e \u0432\u0440\u0435\u043c\u044f \u043f\u0440\u0435\u0431\u044b\u0432\u0430\u043d\u0438\u044f \u0432 \u043f\u0440\u043e\u0438\u0437\u0432\u043e\u0434\u0441\u0442\u0432\u0435\u043d\u043d\u043e\u043c \u0446\u0435\u0445\u0443, \u043d\u0435\u043e\u0431\u0445\u043e\u0434\u0438\u043c\u043e \u043d\u0430\u0434\u0435\u0442\u044c \u043f\u0440\u0435\u0434\u0443\u0441\u043c\u043e\u0442\u0440\u0435\u043d\u043d\u044b\u0435 \u0441\u0440\u0435\u0434\u0441\u0442\u0432\u0430 \u0438\u043d\u0434\u0438\u0432\u0438\u0434\u0443\u0430\u043b\u044c\u043d\u043e\u0439 \u0437\u0430\u0449\u0438\u0442\u044b:<br \/><img decoding=\"async\" class=\"alignnone wp-image-489\" src=\"https:\/\/fpmsa.com\/wp-content\/uploads\/2017\/11\/kask.png\" alt=\"\" width=\"98\" height=\"100\" \/><img decoding=\"async\" class=\"alignnone wp-image-487\" src=\"https:\/\/fpmsa.com\/wp-content\/uploads\/2017\/11\/buty.png\" alt=\"\" width=\"102\" height=\"100\" \/><img decoding=\"async\" class=\"alignnone wp-image-490\" src=\"https:\/\/fpmsa.com\/wp-content\/uploads\/2017\/11\/okulary.png\" alt=\"\" width=\"100\" height=\"100\" srcset=\"https:\/\/fpmsa.com\/wp-content\/uploads\/2017\/11\/okulary.png 178w, https:\/\/fpmsa.com\/wp-content\/uploads\/2017\/11\/okulary-150x150.png 150w\" sizes=\"(max-width: 100px) 100vw, 100px\" \/><br \/>\u0415\u0441\u043b\u0438 \u0443 \u0432\u0430\u0441 \u043d\u0435\u0442 \u0441\u0432\u043e\u0438\u0445 \u0421\u0418\u0417, \u043c\u044b \u0438\u0445 \u0432\u0430\u043c \u043f\u0440\u0435\u0434\u043e\u0441\u0442\u0430\u0432\u0438\u043c.<\/li><li>\u041e\u0437\u043d\u0430\u043a\u043e\u043c\u0438\u0442\u044c\u0441\u044f \u0441 <em><a href=\"\/wp-content\/uploads\/2020\/05\/20071_Z-12-20-BHP-za\u0142.-1_RA.doc\">\u201e\u041e\u0431\u0449\u0438\u043c\u0438 \u043f\u0440\u0430\u0432\u0438\u043b\u0430\u043c\u0438 \u043e\u0445\u0440\u0430\u043d\u044b \u0442\u0440\u0443\u0434\u0430 \u0438 \u0442\u0435\u0445\u043d\u0438\u043a\u0438 \u0431\u0435\u0437\u043e\u043f\u0430\u0441\u043d\u043e\u0441\u0442\u0438, \u0434\u0435\u0439\u0441\u0442\u0432\u0443\u044e\u0449\u0438\u043c\u0438 \u043d\u0430 \u0442\u0435\u0440\u0440\u0438\u0442\u043e\u0440\u0438\u0438 \u043a\u043e\u043c\u043f\u0430\u043d\u0438\u0438 FPM S.A.\u201d<\/a><\/em> \u0438 \u0441\u043e\u0431\u043b\u044e\u0434\u0430\u0442\u044c \u0438\u0445.<\/li><li>Read the occupational risk assessment card for guests <a href=\"\/wp-content\/uploads\/2020\/05\/20071_Z 12-20-BHP za\u0142. 2b_RU.xlsx\">staying in the Office Building<\/a> or <a href=\"\/wp-content\/uploads\/2020\/05\/20071_Z-12-20-BHP-za\u0142.-2a_RU.xlsx\">staying in the Production Department \/ Warehouse <\/a>and comply with its provisions<\/li><li>\u041f\u0440\u043e\u0432\u0435\u0440\u044c\u0442\u0435 <a href=\"\/wp-content\/uploads\/2018\/10\/Wyci\u0105g-DZPW-2018-ANGIELSKI.doc\"> \u0414\u043e\u043a\u0443\u043c\u0435\u043d\u0442 \u043e \u043f\u0440\u0435\u0434\u0432\u0430\u0440\u0438\u0442\u0435\u043b\u044c\u043d\u043e\u0439 \u0432\u0437\u0440\u044b\u0432\u043e\u0437\u0430\u0449\u0438\u0442\u0435 <\/a> and the <a href=\"\/wp-content\/uploads\/2018\/10\/Extract-from-IBP-FPM-SA-2018-ANGIELSKI.docx\"> \u0420\u0443\u043a\u043e\u0432\u043e\u0434\u0441\u0442\u0432\u043e \u043f\u043e \u043f\u043e\u0436\u0430\u0440\u043d\u043e\u0439 \u0431\u0435\u0437\u043e\u043f\u0430\u0441\u043d\u043e\u0441\u0442\u0438 <\/a><\/li><li>\u041f\u0440\u0438 \u043e\u0431\u044a\u044f\u0432\u043b\u0435\u043d\u0438\u0438 \u044d\u0432\u0430\u043a\u0443\u0430\u0446\u0438\u0438 \u043d\u0435\u043e\u0431\u0445\u043e\u0434\u0438\u043c\u043e \u0441\u043f\u043e\u043a\u043e\u0439\u043d\u043e \u043f\u0440\u043e\u0439\u0442\u0438 \u0432 \u043f\u0443\u043d\u043a\u0442 \u0441\u0431\u043e\u0440\u0430 (<a href=\"https:\/\/fpmsa.com\/wp-content\/uploads\/2017\/11\/mapka_zakladu.png\" target=\"_blank\" rel=\"noopener noreferrer\">\u0441\u043c. \u043a\u0430\u0440\u0442\u0443<\/a>).<br \/><img loading=\"lazy\" decoding=\"async\" class=\"alignnone wp-image-486\" src=\"https:\/\/fpmsa.com\/wp-content\/uploads\/2017\/11\/zbiorka.png\" alt=\"\" width=\"100\" height=\"100\" srcset=\"https:\/\/fpmsa.com\/wp-content\/uploads\/2017\/11\/zbiorka.png 165w, https:\/\/fpmsa.com\/wp-content\/uploads\/2017\/11\/zbiorka-150x150.png 150w\" sizes=\"(max-width: 100px) 100vw, 100px\" \/><\/li><\/ol><div>\u00a0<\/div><div style=\"text-align: center;\"><span style=\"font-family: var( --e-global-typography-text-font-family ), Sans-serif; font-size: 18px; font-weight: var( --e-global-typography-text-font-weight ); text-align: center; color: #ff0000;\">________________________________________<\/span><span style=\"font-size: 18px; text-align: center;\">\u00a0<\/span><\/div><div>\u00a0<\/div><p><\/p>\t\t\t\t\t\t\t\t<\/div>\n\t\t\t\t<\/div>\n\t\t\t\t\t<\/div>\n\t\t<\/div>\n\t\t\t\t\t<\/div>\n\t\t<\/section>\n\t\t\t\t<\/div>\n\t\t","protected":false},"excerpt":{"rendered":"<p>Werter Gast: Beim Befahren des Gel\u00e4ndes unseres Betriebs beziehen Sie einen Passierschein bei dem Pf\u00f6rtner. Kontaktieren Sie Person, die f\u00fcr Ihre Sicherheit verantwortlich ist (gilt nicht f\u00fcr Autofahrer) und mit der Sie unser Gel\u00e4nde besuchen werden. W\u00e4hrend des Aufenthalts in der Produktionshalle m\u00fcssen Sie mit erforderlichen pers\u00f6nlichen Schutzmitteln ausgestattet sein:Falls Sie \u00fcber keine eigenen pers\u00f6nlichen [&hellip;]<\/p>\n","protected":false},"author":2,"featured_media":0,"parent":0,"menu_order":0,"comment_status":"closed","ping_status":"closed","template":"bhp_page.php","meta":{"_acf_changed":false,"footnotes":""},"class_list":["post-471","page","type-page","status-publish","hentry"],"acf":[],"_links":{"self":[{"href":"https:\/\/fpmsa.com\/de\/wp-json\/wp\/v2\/pages\/471","targetHints":{"allow":["GET"]}}],"collection":[{"href":"https:\/\/fpmsa.com\/de\/wp-json\/wp\/v2\/pages"}],"about":[{"href":"https:\/\/fpmsa.com\/de\/wp-json\/wp\/v2\/types\/page"}],"author":[{"embeddable":true,"href":"https:\/\/fpmsa.com\/de\/wp-json\/wp\/v2\/users\/2"}],"replies":[{"embeddable":true,"href":"https:\/\/fpmsa.com\/de\/wp-json\/wp\/v2\/comments?post=471"}],"version-history":[{"count":34,"href":"https:\/\/fpmsa.com\/de\/wp-json\/wp\/v2\/pages\/471\/revisions"}],"predecessor-version":[{"id":18252,"href":"https:\/\/fpmsa.com\/de\/wp-json\/wp\/v2\/pages\/471\/revisions\/18252"}],"wp:attachment":[{"href":"https:\/\/fpmsa.com\/de\/wp-json\/wp\/v2\/media?parent=471"}],"curies":[{"name":"wp","href":"https:\/\/api.w.org\/{rel}","templated":true}]}}