{"id":18178,"date":"2023-07-28T14:22:11","date_gmt":"2023-07-28T12:22:11","guid":{"rendered":"https:\/\/fpmsa.com\/?page_id=18178"},"modified":"2025-08-08T12:59:53","modified_gmt":"2025-08-08T10:59:53","slug":"esg","status":"publish","type":"page","link":"https:\/\/fpmsa.com\/de\/esg\/","title":{"rendered":"ESG"},"content":{"rendered":"\t\t<div data-elementor-type=\"wp-page\" data-elementor-id=\"18178\" class=\"elementor elementor-18178\">\n\t\t\t\t\t\t<section class=\"elementor-section elementor-top-section elementor-element elementor-element-2c2be2c4 elementor-section-boxed elementor-section-height-default elementor-section-height-default\" data-id=\"2c2be2c4\" data-element_type=\"section\" data-e-type=\"section\">\n\t\t\t\t\t\t<div class=\"elementor-container elementor-column-gap-default\">\n\t\t\t\t\t<div class=\"elementor-column elementor-col-100 elementor-top-column elementor-element elementor-element-326ab3d2\" data-id=\"326ab3d2\" data-element_type=\"column\" data-e-type=\"column\">\n\t\t\t<div class=\"elementor-widget-wrap elementor-element-populated\">\n\t\t\t\t\t\t<div class=\"elementor-element elementor-element-4cca8ca3 elementor-widget elementor-widget-text-editor\" data-id=\"4cca8ca3\" data-element_type=\"widget\" data-e-type=\"widget\" data-widget_type=\"text-editor.default\">\n\t\t\t\t<div class=\"elementor-widget-container\">\n\t\t\t\t\t\t\t\t\t<p><\/p><h3>\u00a0<\/h3><h3><strong>FPM S.A. \u2013 Tradycja, Technologia, Zr\u00f3wnowa\u017cony Rozw\u00f3j<\/strong><\/h3><p><span style=\"color: #c9c3c3;\"><strong>FPM S.A. to firma o silnych przemys\u0142owych korzeniach i nowoczesnym spojrzeniu na przysz\u0142o\u015b\u0107. <\/strong>Od ponad 160 lat \u0142\u0105czymy do\u015bwiadczenie z innowacjami, tworz\u0105c rozwi\u0105zania dla energetyki i przemys\u0142u ci\u0119\u017ckiego. Nasz rozw\u00f3j opieramy na solidnych warto\u015bciach i odpowiedzialnym podej\u015bciu do \u015brodowiska, ludzi i zarz\u0105dzania \u2013 zasady ESG s\u0105 wpisane w nasz\u0105 codzienno\u015b\u0107 i d\u0142ugoterminow\u0105 strategi\u0119.<\/span><\/p><p style=\"text-align: center;\"><span style=\"color: #ff0000;\">________________________________________<\/span><\/p><h3><strong>\u015arodowisko<\/strong><\/h3><p><span style=\"color: #c9c3c3;\"><strong>Go 2 CO\u2082 neutral to dla nas wi\u0119cej ni\u017c has\u0142o \u2013 to \u015bwiadomy kierunek dzia\u0142ania, d\u0105\u017cenie do osi\u0105gni\u0119cia neutralno\u015bci klimatycznej. <\/strong>Konsekwentnie ograniczamy wp\u0142yw naszej dzia\u0142alno\u015bci na \u015brodowisko. Na dachach naszych powierzchni produkcyjnych i biurowych zamontowali\u015bmy panele fotowoltaiczne. Dzi\u0119ki nim, w s\u0142oneczne dni, 100% energii elektrycznej niezb\u0119dnej do produkcji pozyskujemy z w\u0142asnej, zielonej energii. Pozosta\u0142\u0105, niezb\u0119dn\u0105 energi\u0119, r\u00f3wnie\u017c pochodz\u0105c\u0105 z odnawialnych \u017ar\u00f3de\u0142 energii dostarcza nam operator.<\/span><\/p><p>\u00a0<\/p><div style=\"width: 640px;\" class=\"wp-video\"><!--[if lt IE 9]><script>document.createElement('video');<\/script><![endif]-->\n<video class=\"wp-video-shortcode\" id=\"video-18178-1\" width=\"640\" height=\"640\" preload=\"metadata\" controls=\"controls\"><source type=\"video\/mp4\" src=\"https:\/\/fpmsa.com\/wp-content\/uploads\/2025\/08\/film-panele.mp4?_=1\" \/><a href=\"https:\/\/fpmsa.com\/wp-content\/uploads\/2025\/08\/film-panele.mp4\">https:\/\/fpmsa.com\/wp-content\/uploads\/2025\/08\/film-panele.mp4<\/a><\/video><\/div><p>\u00a0<\/p><p><span style=\"color: #c9c3c3;\">Zbudowali\u015bmy magazyn energii o pojemno\u015bci 81,92 kWh, umo\u017cliwia on gromadzenie nadwy\u017cek energii produkowanej przez panele fotowoltaiczne oraz zapewnia awaryjne zasilanie biura podczas przerw w dostawie pr\u0105du.<\/span><\/p><p>\u00a0<\/p><p><span style=\"color: #c9c3c3;\"><strong>Stawiamy na dekarbonizacj\u0119 naszych produkt\u00f3w<\/strong> \u2013 jeszcze pod koniec lat 90-tych ponad 90% urz\u0105dze\u0144 powstawa\u0142o z my\u015bl\u0105 o spalaniu w\u0119gla. Dzi\u015b udzia\u0142 ten spad\u0142 poni\u017cej 50% i wci\u0105\u017c si\u0119 zmniejsza.<\/span><\/p><p>\u00a0<\/p><p><span style=\"color: #c9c3c3;\">Wierzymy, \u017ce nawet ma\u0142e dzia\u0142ania maj\u0105 wielkie znaczenie, dlatego nieustannie rozwijamy nasze proekologiczne inicjatywy, buduj\u0105c lepsz\u0105 i bardziej zielon\u0105 przysz\u0142o\u015b\u0107. W ostatnim czasie zakupili\u015bmy dystrybutory wody. Dodatkowo wszyscy nasi pracownicy zostali wyposa\u017ceni w bidony z tritanu. Dzi\u0119ki temu znacz\u0105co ograniczyli\u015bmy ilo\u015b\u0107 wyrzucanego codziennie plastiku.<\/span><\/p><p>\u00a0<\/p><p><span style=\"color: #c9c3c3;\"><strong>Skuteczne zarz\u0105dzanie inicjatywami ESG opiera si\u0119 na jasno okre\u015blonych, przejrzystych zasadach.<\/strong><\/span><br \/><span style=\"color: #c9c3c3;\">W \u015bcis\u0142ej wsp\u00f3\u0142pracy z Grup\u0105 TDJ realizujemy strategi\u0119 rozwoju, kt\u00f3ra odpowiada na najwa\u017cniejsze globalne wyzwania \u2013 od zmian klimatycznych, przez cyfryzacj\u0119 i automatyzacj\u0119, po ewolucj\u0119 potrzeb klient\u00f3w oraz rynku przemys\u0142owego.<\/span><\/p><p>\u00a0<\/p><p><span style=\"color: #c9c3c3;\"><strong>Wyd\u0142u\u017camy cykl \u017cycia urz\u0105dze\u0144. <\/strong>Oferta FPM S.A. to nie tylko projektowanie i produkcja nowych urz\u0105dze\u0144 \u2013 to tak\u017ce kompleksowe wsparcie serwisowe, obejmuj\u0105ce regularn\u0105 diagnostyk\u0119, przegl\u0105dy oraz sprzeda\u017c cz\u0119\u015bci zamiennych. Dzi\u0119ki pracy naszego do\u015bwiadczonego zespo\u0142u serwisowego, mo\u017cliwe jest utrzymanie sprawno\u015bci technicznej instalacji przez d\u0142ugie lata \u2013 bez konieczno\u015bci zakupu nowych urz\u0105dze\u0144. To rozwi\u0105zanie przyjazne zar\u00f3wno dla bud\u017cetu, jak i dla \u015brodowiska.<\/span><\/p><p>\u00a0<\/p><div style=\"width: 402px;\" class=\"wp-video\"><video class=\"wp-video-shortcode\" id=\"video-18178-2\" width=\"402\" height=\"720\" preload=\"metadata\" controls=\"controls\"><source type=\"video\/mp4\" src=\"https:\/\/fpmsa.com\/wp-content\/uploads\/2025\/08\/2025.05.08-Przeglad-rusztu-Walbrzych720.mp4?_=2\" \/><a href=\"https:\/\/fpmsa.com\/wp-content\/uploads\/2025\/08\/2025.05.08-Przeglad-rusztu-Walbrzych720.mp4\">https:\/\/fpmsa.com\/wp-content\/uploads\/2025\/08\/2025.05.08-Przeglad-rusztu-Walbrzych720.mp4<\/a><\/video><\/div><p style=\"text-align: center;\"><span style=\"color: #ff0000;\">________________________________________<\/span><\/p><h3><strong>Spo\u0142eczno\u015b\u0107<\/strong><\/h3><p><span style=\"color: #c9c3c3;\"><strong>Ludzie s\u0105 najwa\u017cniejsi. <\/strong>Regularnie ws\u0142uchujemy si\u0119 w g\u0142os naszych pracownik\u00f3w, badaj\u0105c poziom ich zaanga\u017cowania, aby skutecznie wspiera\u0107 ich rozw\u00f3j i budowa\u0107 przyjazne miejsce pracy. Tworzymy kultur\u0119 opart\u0105 na wzajemnym szacunku, otwartym dialogu i wsp\u00f3\u0142pracy.<\/span><\/p><p>\u00a0<\/p><div style=\"width: 1200px;\" class=\"wp-video\"><video class=\"wp-video-shortcode\" id=\"video-18178-3\" width=\"1200\" height=\"720\" preload=\"metadata\" controls=\"controls\"><source type=\"video\/mp4\" src=\"https:\/\/fpmsa.com\/wp-content\/uploads\/2025\/08\/Film-FPM-Best-Employer_piiii.mp4?_=3\" \/><a href=\"https:\/\/fpmsa.com\/wp-content\/uploads\/2025\/08\/Film-FPM-Best-Employer_piiii.mp4\">https:\/\/fpmsa.com\/wp-content\/uploads\/2025\/08\/Film-FPM-Best-Employer_piiii.mp4<\/a><\/video><\/div><p>\u00a0<\/p><p><span style=\"color: #c9c3c3;\">Dbamy nie tylko o komfort, ale te\u017c o dobre nawyki i otoczenie \u2013 udost\u0119pnili\u015bmy strefy zielone oraz strefy odpoczynku i relaksu. Utworzyli\u015bmy wiaty rowerowe, by wspiera\u0107 zr\u00f3wnowa\u017cony transport, a na terenie zak\u0142adu prowadzimy akcje dokarmiania zwierz\u0105t, mamy r\u00f3wnie\u017c budki l\u0119gowe dla ptak\u00f3w i domki dla kot\u00f3w. Troska to nasza wsp\u00f3lna sprawa \u2013 wobec ludzi, zwierz\u0105t i \u015brodowiska.<\/span><\/p><p>\u00a0<\/p><div style=\"width: 1200px;\" class=\"wp-video\"><video class=\"wp-video-shortcode\" id=\"video-18178-4\" width=\"1200\" height=\"720\" preload=\"metadata\" controls=\"controls\"><source type=\"video\/mp4\" src=\"https:\/\/fpmsa.com\/wp-content\/uploads\/2025\/08\/wiata-rowerowa.mp4?_=4\" \/><a href=\"https:\/\/fpmsa.com\/wp-content\/uploads\/2025\/08\/wiata-rowerowa.mp4\">https:\/\/fpmsa.com\/wp-content\/uploads\/2025\/08\/wiata-rowerowa.mp4<\/a><\/video><\/div><p style=\"text-align: center;\"><span style=\"color: #ff0000;\">________________________________________<\/span><\/p><h3><strong>Edukacja i rozw\u00f3j<\/strong><\/h3><p><span style=\"color: #c9c3c3;\"><strong>Wierzymy w si\u0142\u0119 edukacji i d\u0142ugofalowe zmiany. <\/strong>Poprzez TDJ Foundation wspieramy rozw\u00f3j dzieci, m\u0142odzie\u017cy i doros\u0142ych \u2013 inwestuj\u0105c w nauczycieli, plac\u00f3wki o\u015bwiatowe oraz nowoczesne programy edukacyjne. Promujemy przedsi\u0119biorczo\u015b\u0107 w\u015br\u00f3d m\u0142odych ludzi i zach\u0119camy ich do aktywnego kszta\u0142towania swojej przysz\u0142o\u015bci.<\/span><\/p><p>\u00a0<\/p><p><span style=\"color: #c9c3c3;\">Jako partner Fundacji im. Les\u0142awa A. Pagi wsp\u00f3\u0142tworzymy projekty dla przysz\u0142ych lider\u00f3w \u2013 bo to oni b\u0119d\u0105 kszta\u0142towa\u0107 kierunek rozwoju naszego kraju i gospodarki.<\/span><\/p><p style=\"text-align: center;\"><span style=\"color: #ff0000;\">________________________________________<\/span><\/p><h3><strong>\u0141ad korporacyjny i etyka<\/strong><\/h3><p><span style=\"color: #c9c3c3;\">Wprowadzamy polityki nale\u017cytej staranno\u015bci zgodne z unijnymi standardami (Minimalne Gwarancje Taksonomii UE), kt\u00f3re stanowi\u0105 fundament naszych dzia\u0142a\u0144. Nasz <strong>Kodeks Etyki<\/strong>, okre\u015bla nasze zobowi\u0105zania w zakresie:<\/span><\/p><ol><li><span style=\"color: #c9c3c3;\">Uczciwo\u015bci i zgodno\u015bci z prawem,<\/span><\/li><li><span style=\"color: #c9c3c3;\">Wysokich standard\u00f3w etycznych,<\/span><\/li><li><span style=\"color: #c9c3c3;\">Mechanizm\u00f3w zg\u0142aszania narusze\u0144,<\/span><\/li><li><span style=\"color: #c9c3c3;\">Zapobiegania nadu\u017cyciom.<\/span><\/li><\/ol><p style=\"text-align: center;\"><span style=\"color: #ff0000;\">________________________________________<\/span><\/p><p><\/p>\t\t\t\t\t\t\t\t<\/div>\n\t\t\t\t<\/div>\n\t\t\t\t\t<\/div>\n\t\t<\/div>\n\t\t\t\t\t<\/div>\n\t\t<\/section>\n\t\t\t\t<\/div>\n\t\t","protected":false},"excerpt":{"rendered":"<p>Leider ist der Eintrag nur auf Polski verf\u00fcgbar.<\/p>\n","protected":false},"author":2,"featured_media":0,"parent":0,"menu_order":0,"comment_status":"closed","ping_status":"closed","template":"","meta":{"_acf_changed":false,"footnotes":""},"class_list":["post-18178","page","type-page","status-publish","hentry"],"acf":[],"_links":{"self":[{"href":"https:\/\/fpmsa.com\/de\/wp-json\/wp\/v2\/pages\/18178","targetHints":{"allow":["GET"]}}],"collection":[{"href":"https:\/\/fpmsa.com\/de\/wp-json\/wp\/v2\/pages"}],"about":[{"href":"https:\/\/fpmsa.com\/de\/wp-json\/wp\/v2\/types\/page"}],"author":[{"embeddable":true,"href":"https:\/\/fpmsa.com\/de\/wp-json\/wp\/v2\/users\/2"}],"replies":[{"embeddable":true,"href":"https:\/\/fpmsa.com\/de\/wp-json\/wp\/v2\/comments?post=18178"}],"version-history":[{"count":33,"href":"https:\/\/fpmsa.com\/de\/wp-json\/wp\/v2\/pages\/18178\/revisions"}],"predecessor-version":[{"id":18853,"href":"https:\/\/fpmsa.com\/de\/wp-json\/wp\/v2\/pages\/18178\/revisions\/18853"}],"wp:attachment":[{"href":"https:\/\/fpmsa.com\/de\/wp-json\/wp\/v2\/media?parent=18178"}],"curies":[{"name":"wp","href":"https:\/\/api.w.org\/{rel}","templated":true}]}}