{"id":1658,"date":"2020-01-18T22:05:07","date_gmt":"2020-01-18T21:05:07","guid":{"rendered":"https:\/\/fpmsa.com\/?page_id=1658"},"modified":"2025-07-21T14:18:26","modified_gmt":"2025-07-21T12:18:26","slug":"ogloszenia-dla-akcjonariuszy","status":"publish","type":"page","link":"https:\/\/fpmsa.com\/de\/ogloszenia-dla-akcjonariuszy\/","title":{"rendered":"Mitteilungen an die Aktion\u00e4re"},"content":{"rendered":"\t\t<div data-elementor-type=\"wp-page\" data-elementor-id=\"1658\" class=\"elementor elementor-1658\">\n\t\t\t\t\t\t<section class=\"elementor-section elementor-top-section elementor-element elementor-element-2009b2a0 elementor-section-boxed elementor-section-height-default elementor-section-height-default\" data-id=\"2009b2a0\" data-element_type=\"section\" data-e-type=\"section\">\n\t\t\t\t\t\t<div class=\"elementor-container elementor-column-gap-default\">\n\t\t\t\t\t<div class=\"elementor-column elementor-col-100 elementor-top-column elementor-element elementor-element-4c2783e9\" data-id=\"4c2783e9\" data-element_type=\"column\" data-e-type=\"column\">\n\t\t\t<div class=\"elementor-widget-wrap elementor-element-populated\">\n\t\t\t\t\t\t<div class=\"elementor-element elementor-element-27b6714b elementor-widget elementor-widget-text-editor\" data-id=\"27b6714b\" data-element_type=\"widget\" data-e-type=\"widget\" data-widget_type=\"text-editor.default\">\n\t\t\t\t<div class=\"elementor-widget-container\">\n\t\t\t\t\t\t\t\t\t<p>W dniu 07.02.2020 dokonano wpisu do rejestru KRS nr 58 nast\u0119puj\u0105cej tre\u015bci: Dz. 1. Rub. 2. Siedziba i adres podmiotu Dz. 2. Rub. 2. Organ nadzoru 1 (dla pozycji: 1. RADA NADZORCZA) PRub. Dane os\u00f3b wchodz\u0105cych w sk\u0142ad organu wykre\u015bli\u0107: 1 1. NOWAK 2. MICHA\u0141 W dniu 07.02.2020 dokonano wpisu do rejestru KRS nr 58 nast\u0119puj\u0105cej tre\u015bci: Dz. 1. Rub. 2. Siedziba i adres podmiotu Dz. 2. Rub. 2. Organ nadzoru 1 (dla pozycji: 1. RADA NADZORCZA) PRub. Dane os\u00f3b wchodz\u0105cych w sk\u0142ad organu wykre\u015bli\u0107: 1 1. NOWAK 2. MICHA\u0141\u00a0<\/p><div>Uprzejmie informujemy, \u017ce z\u00a0<b>dniem 01 lipca 2022 roku<\/b> nast\u0105pi zmiana adresu Sp\u00f3\u0142ki FPM S.A.\u00a0\u00a0z dotychczasowego adresu : <b>ul. Towarowa 11, 43 \u2013 190 Miko\u0142\u00f3w <\/b>na nowy adres firmy: <strong><u>ul. Wyzwolenia 12C,\u00a0\u00a043-190 Miko\u0142\u00f3w<\/u><\/strong><\/div><div><p><a href=\"https:\/\/fpmsa.com\/wp-content\/uploads\/2022\/06\/ZAWIADOMIENIE-O-ZMIANIE-ADRESU-SPOLKI.pdf\">Link do dokumentu<\/a><\/p><h3>\u00a0<\/h3><\/div><p><\/p>\t\t\t\t\t\t\t\t<\/div>\n\t\t\t\t<\/div>\n\t\t\t\t\t<\/div>\n\t\t<\/div>\n\t\t\t\t\t<\/div>\n\t\t<\/section>\n\t\t\t\t<\/div>\n\t\t","protected":false},"excerpt":{"rendered":"<p>W dniu 07.02.2020 dokonano wpisu do rejestru KRS nr 58 nast\u0119puj\u0105cej tre\u015bci: Dz. 1. Rub. 2. Siedziba i adres podmiotu Dz. 2. Rub. 2. Organ nadzoru 1 (dla pozycji: 1. RADA NADZORCZA) PRub. Dane os\u00f3b wchodz\u0105cych w sk\u0142ad organu wykre\u015bli\u0107: 1 1. NOWAK 2. MICHA\u0141 W dniu 07.02.2020 dokonano wpisu do rejestru KRS nr 58 [&hellip;]<\/p>\n","protected":false},"author":2,"featured_media":0,"parent":0,"menu_order":0,"comment_status":"closed","ping_status":"closed","template":"","meta":{"_acf_changed":false,"footnotes":""},"class_list":["post-1658","page","type-page","status-publish","hentry"],"acf":[],"_links":{"self":[{"href":"https:\/\/fpmsa.com\/de\/wp-json\/wp\/v2\/pages\/1658","targetHints":{"allow":["GET"]}}],"collection":[{"href":"https:\/\/fpmsa.com\/de\/wp-json\/wp\/v2\/pages"}],"about":[{"href":"https:\/\/fpmsa.com\/de\/wp-json\/wp\/v2\/types\/page"}],"author":[{"embeddable":true,"href":"https:\/\/fpmsa.com\/de\/wp-json\/wp\/v2\/users\/2"}],"replies":[{"embeddable":true,"href":"https:\/\/fpmsa.com\/de\/wp-json\/wp\/v2\/comments?post=1658"}],"version-history":[{"count":72,"href":"https:\/\/fpmsa.com\/de\/wp-json\/wp\/v2\/pages\/1658\/revisions"}],"predecessor-version":[{"id":18798,"href":"https:\/\/fpmsa.com\/de\/wp-json\/wp\/v2\/pages\/1658\/revisions\/18798"}],"wp:attachment":[{"href":"https:\/\/fpmsa.com\/de\/wp-json\/wp\/v2\/media?parent=1658"}],"curies":[{"name":"wp","href":"https:\/\/api.w.org\/{rel}","templated":true}]}}